{"id":70,"date":"2021-08-12T07:53:37","date_gmt":"2021-08-12T07:53:37","guid":{"rendered":"https:\/\/darasavinova.eu\/?page_id=70"},"modified":"2021-08-19T18:10:13","modified_gmt":"2021-08-19T18:10:13","slug":"about","status":"publish","type":"page","link":"https:\/\/darasavinova.eu\/index.php\/about\/","title":{"rendered":"About"},"content":{"rendered":"\t\t<div data-elementor-type=\"wp-page\" data-elementor-id=\"70\" class=\"elementor elementor-70\" data-elementor-settings=\"[]\">\n\t\t\t\t\t\t<div class=\"elementor-inner\">\n\t\t\t\t\t\t\t<div class=\"elementor-section-wrap\">\n\t\t\t\t\t\t\t<section class=\"elementor-section elementor-top-section elementor-element elementor-element-748949cb elementor-section-height-min-height elementor-section-boxed elementor-section-height-default elementor-section-items-middle\" data-id=\"748949cb\" data-element_type=\"section\" data-settings=\"{&quot;background_background&quot;:&quot;classic&quot;}\">\n\t\t\t\t\t\t\t<div class=\"elementor-background-overlay\"><\/div>\n\t\t\t\t\t\t\t<div class=\"elementor-container elementor-column-gap-default\">\n\t\t\t\t\t\t\t<div class=\"elementor-row\">\n\t\t\t\t\t<div class=\"elementor-column elementor-col-100 elementor-top-column elementor-element elementor-element-7e6f0857\" data-id=\"7e6f0857\" data-element_type=\"column\">\n\t\t\t<div class=\"elementor-column-wrap elementor-element-populated\">\n\t\t\t\t\t\t\t<div class=\"elementor-widget-wrap\">\n\t\t\t\t\t\t<div class=\"elementor-element elementor-element-3fa969f animated-slow elementor-invisible elementor-widget elementor-widget-heading\" data-id=\"3fa969f\" data-element_type=\"widget\" data-settings=\"{&quot;_animation&quot;:&quot;fadeIn&quot;}\" data-widget_type=\"heading.default\">\n\t\t\t\t<div class=\"elementor-widget-container\">\n\t\t\t<h1 class=\"elementor-heading-title elementor-size-default\">About<\/h1>\t\t<\/div>\n\t\t\t\t<\/div>\n\t\t\t\t<div class=\"elementor-element elementor-element-24d01cf elementor-widget-divider--view-line elementor-widget elementor-widget-divider\" data-id=\"24d01cf\" data-element_type=\"widget\" data-widget_type=\"divider.default\">\n\t\t\t\t<div class=\"elementor-widget-container\">\n\t\t\t\t\t<div class=\"elementor-divider\">\n\t\t\t<span class=\"elementor-divider-separator\">\n\t\t\t\t\t\t<\/span>\n\t\t<\/div>\n\t\t\t\t<\/div>\n\t\t\t\t<\/div>\n\t\t\t\t<div class=\"elementor-element elementor-element-64d460e0 elementor-hidden-phone elementor-widget elementor-widget-spacer\" data-id=\"64d460e0\" data-element_type=\"widget\" data-widget_type=\"spacer.default\">\n\t\t\t\t<div class=\"elementor-widget-container\">\n\t\t\t\t\t<div class=\"elementor-spacer\">\n\t\t\t<div class=\"elementor-spacer-inner\"><\/div>\n\t\t<\/div>\n\t\t\t\t<\/div>\n\t\t\t\t<\/div>\n\t\t\t\t<section class=\"elementor-section elementor-inner-section elementor-element elementor-element-72d1bf8b elementor-section-boxed elementor-section-height-default elementor-section-height-default\" data-id=\"72d1bf8b\" data-element_type=\"section\">\n\t\t\t\t\t\t<div class=\"elementor-container elementor-column-gap-default\">\n\t\t\t\t\t\t\t<div class=\"elementor-row\">\n\t\t\t\t\t<div class=\"elementor-column elementor-col-50 elementor-inner-column elementor-element elementor-element-6b5c4f05\" data-id=\"6b5c4f05\" data-element_type=\"column\">\n\t\t\t<div class=\"elementor-column-wrap elementor-element-populated\">\n\t\t\t\t\t\t\t<div class=\"elementor-widget-wrap\">\n\t\t\t\t\t\t<div class=\"elementor-element elementor-element-4c2d7689 elementor-invisible elementor-widget elementor-widget-text-editor\" data-id=\"4c2d7689\" data-element_type=\"widget\" data-settings=\"{&quot;_animation&quot;:&quot;fadeIn&quot;}\" data-widget_type=\"text-editor.default\">\n\t\t\t\t<div class=\"elementor-widget-container\">\n\t\t\t\t\t\t\t\t<div class=\"elementor-text-editor elementor-clearfix\">\n\t\t\t\t\t<p>Mezzo-soprano <b><i>Dara Savinova<\/i><\/b> was born in Estonia, Tallinn.&nbsp;<span style=\"font-style: inherit; font-weight: inherit;\">She completed her bachelor\u2019s degree in singing and a master&#8217;s degree in music theatre at <\/span><strong style=\"\"><i>Salzburg&#8217;s Mozarteum University<\/i><\/strong><strong style=\"font-style: inherit;\">.&nbsp;<\/strong><span style=\"font-style: inherit; font-weight: inherit;\">A former member of the International Opera Studio at Opernhaus Z\u00fcrich and of the Salzburger Festspiele&#8217;s Young Artist Project, Estonian mezzo-soprano Dara Savinova has rapidly raised her international profile in recent seasons. She is praised for her brilliant mezzo-coloraturas, enchanting stage presence and meticulous diction.<\/span><\/p>\t\t\t\t\t<\/div>\n\t\t\t\t\t\t<\/div>\n\t\t\t\t<\/div>\n\t\t\t\t\t\t<\/div>\n\t\t\t\t\t<\/div>\n\t\t<\/div>\n\t\t\t\t<div class=\"elementor-column elementor-col-50 elementor-inner-column elementor-element elementor-element-2733e3ab\" data-id=\"2733e3ab\" data-element_type=\"column\">\n\t\t\t<div class=\"elementor-column-wrap elementor-element-populated\">\n\t\t\t\t\t\t\t<div class=\"elementor-widget-wrap\">\n\t\t\t\t\t\t<div class=\"elementor-element elementor-element-7cfafa61 elementor-invisible elementor-widget elementor-widget-image\" data-id=\"7cfafa61\" data-element_type=\"widget\" data-settings=\"{&quot;_animation&quot;:&quot;fadeInUp&quot;}\" data-widget_type=\"image.default\">\n\t\t\t\t<div class=\"elementor-widget-container\">\n\t\t\t\t\t\t\t\t<div class=\"elementor-image\">\n\t\t\t\t\t\t\t\t\t\t\t\t<img decoding=\"async\" width=\"1024\" height=\"683\" src=\"https:\/\/darasavinova.eu\/wp-content\/uploads\/2021\/08\/625AD0E3-1495-422C-AA59-85EA39F829BE-1024x683.jpg\" class=\"attachment-large size-large\" alt=\"\" srcset=\"https:\/\/darasavinova.eu\/wp-content\/uploads\/2021\/08\/625AD0E3-1495-422C-AA59-85EA39F829BE-1024x683.jpg 1024w, https:\/\/darasavinova.eu\/wp-content\/uploads\/2021\/08\/625AD0E3-1495-422C-AA59-85EA39F829BE-300x200.jpg 300w, https:\/\/darasavinova.eu\/wp-content\/uploads\/2021\/08\/625AD0E3-1495-422C-AA59-85EA39F829BE-768x512.jpg 768w, https:\/\/darasavinova.eu\/wp-content\/uploads\/2021\/08\/625AD0E3-1495-422C-AA59-85EA39F829BE-1536x1024.jpg 1536w, https:\/\/darasavinova.eu\/wp-content\/uploads\/2021\/08\/625AD0E3-1495-422C-AA59-85EA39F829BE-2048x1365.jpg 2048w\" sizes=\"(max-width: 1024px) 100vw, 1024px\" \/>\t\t\t\t\t\t\t\t\t\t\t\t\t\t<\/div>\n\t\t\t\t\t\t<\/div>\n\t\t\t\t<\/div>\n\t\t\t\t\t\t<\/div>\n\t\t\t\t\t<\/div>\n\t\t<\/div>\n\t\t\t\t\t\t\t\t<\/div>\n\t\t\t\t\t<\/div>\n\t\t<\/section>\n\t\t\t\t<section class=\"elementor-section elementor-inner-section elementor-element elementor-element-8cd4ae6 elementor-section-boxed elementor-section-height-default elementor-section-height-default\" data-id=\"8cd4ae6\" data-element_type=\"section\">\n\t\t\t\t\t\t<div class=\"elementor-container elementor-column-gap-default\">\n\t\t\t\t\t\t\t<div class=\"elementor-row\">\n\t\t\t\t\t<div class=\"elementor-column elementor-col-50 elementor-inner-column elementor-element elementor-element-0decc45\" data-id=\"0decc45\" data-element_type=\"column\">\n\t\t\t<div class=\"elementor-column-wrap elementor-element-populated\">\n\t\t\t\t\t\t\t<div class=\"elementor-widget-wrap\">\n\t\t\t\t\t\t<div class=\"elementor-element elementor-element-7534961 elementor-invisible elementor-widget elementor-widget-image\" data-id=\"7534961\" data-element_type=\"widget\" data-settings=\"{&quot;_animation&quot;:&quot;fadeInUp&quot;}\" data-widget_type=\"image.default\">\n\t\t\t\t<div class=\"elementor-widget-container\">\n\t\t\t\t\t\t\t\t<div class=\"elementor-image\">\n\t\t\t\t\t\t\t\t\t\t\t\t<img decoding=\"async\" width=\"683\" height=\"1024\" src=\"https:\/\/darasavinova.eu\/wp-content\/uploads\/2021\/08\/IMG_1526-683x1024.jpg\" class=\"attachment-large size-large\" alt=\"\" srcset=\"https:\/\/darasavinova.eu\/wp-content\/uploads\/2021\/08\/IMG_1526-683x1024.jpg 683w, https:\/\/darasavinova.eu\/wp-content\/uploads\/2021\/08\/IMG_1526-200x300.jpg 200w, https:\/\/darasavinova.eu\/wp-content\/uploads\/2021\/08\/IMG_1526-768x1152.jpg 768w, https:\/\/darasavinova.eu\/wp-content\/uploads\/2021\/08\/IMG_1526-1024x1536.jpg 1024w, https:\/\/darasavinova.eu\/wp-content\/uploads\/2021\/08\/IMG_1526-1365x2048.jpg 1365w, https:\/\/darasavinova.eu\/wp-content\/uploads\/2021\/08\/IMG_1526-scaled.jpg 1707w\" sizes=\"(max-width: 683px) 100vw, 683px\" \/>\t\t\t\t\t\t\t\t\t\t\t\t\t\t<\/div>\n\t\t\t\t\t\t<\/div>\n\t\t\t\t<\/div>\n\t\t\t\t\t\t<\/div>\n\t\t\t\t\t<\/div>\n\t\t<\/div>\n\t\t\t\t<div class=\"elementor-column elementor-col-50 elementor-inner-column elementor-element elementor-element-fdfbdae\" data-id=\"fdfbdae\" data-element_type=\"column\">\n\t\t\t<div class=\"elementor-column-wrap elementor-element-populated\">\n\t\t\t\t\t\t\t<div class=\"elementor-widget-wrap\">\n\t\t\t\t\t\t<div class=\"elementor-element elementor-element-825cf80 elementor-invisible elementor-widget elementor-widget-text-editor\" data-id=\"825cf80\" data-element_type=\"widget\" data-settings=\"{&quot;_animation&quot;:&quot;fadeIn&quot;}\" data-widget_type=\"text-editor.default\">\n\t\t\t\t<div class=\"elementor-widget-container\">\n\t\t\t\t\t\t\t\t<div class=\"elementor-text-editor elementor-clearfix\">\n\t\t\t\t\t<p>Her recent successes include her role debut as Angelina (La Cenerentola) at Royal Swedish Opera, Ozias (Juditha Triumphans) at the Th\u00e9\u00e2tre du Champs-Elys\u00e9es and Eudossa (Irene) at the Theater an der Wien, both in concert. She intrigues audiences in the title role of Carmen, one of her signature roles since Jean-Christophe Spinosi invited her for her debut on a tour in France, Spain and Russia. In April 2021, she won the first prize and the Helikon-opera prize at the Jos\u00e9 Carreras Grand Prix in Moscow.<\/p>\t\t\t\t\t<\/div>\n\t\t\t\t\t\t<\/div>\n\t\t\t\t<\/div>\n\t\t\t\t<div class=\"elementor-element elementor-element-1cc63d4 elementor-widget elementor-widget-text-editor\" data-id=\"1cc63d4\" data-element_type=\"widget\" data-widget_type=\"text-editor.default\">\n\t\t\t\t<div class=\"elementor-widget-container\">\n\t\t\t\t\t\t\t\t<div class=\"elementor-text-editor elementor-clearfix\">\n\t\t\t\t\t<p>The 2020\/21 season includes Dara\u2019s debut as Pierotto in Linda di Chamounix and the title role of Carmen in Tartu, the roles of Ino and Juno in Semele at the Beaune Baroque Opera Festival with Leonardo Garc\u00eda Alarc\u00f3n, and further ahead Cherubino in Le Nozze di Figaro at the Stadttheater Klagenfurt, among other debuts to be announced.<\/p>\t\t\t\t\t<\/div>\n\t\t\t\t\t\t<\/div>\n\t\t\t\t<\/div>\n\t\t\t\t\t\t<\/div>\n\t\t\t\t\t<\/div>\n\t\t<\/div>\n\t\t\t\t\t\t\t\t<\/div>\n\t\t\t\t\t<\/div>\n\t\t<\/section>\n\t\t\t\t<div class=\"elementor-element elementor-element-c498b09 elementor-widget elementor-widget-text-editor\" data-id=\"c498b09\" data-element_type=\"widget\" data-widget_type=\"text-editor.default\">\n\t\t\t\t<div class=\"elementor-widget-container\">\n\t\t\t\t\t\t\t\t<div class=\"elementor-text-editor elementor-clearfix\">\n\t\t\t\t\t<p>Past highlights were her Eustazio in Rinaldo and Dorabella in Cos\u00ec fan tutte at the Festival della valle d&#8217;Itria under the baton of Fabio Luisi, Goffredo in Rinaldo in Moscow and Vienna with Jean Christophe Spinosi\u2019s Ensemble Matheus, Amenofi in Mos\u00e8 in Egitto at the Bregenzer Festspiele, Zweiter Dame in Die Zauberfl\u00f6te at the Theater Basel and her role debut as l\u2019Enfant in Ravel&#8217;s L&#8217;enfant et les sortil\u00e8ges.at Opernhaus Z\u00fcrich under Fabio Luisi. She portrayed Rosina in Il barbiere di Siviglia at the Bashmet Festival in Sochi.A part-time member of the ensemble of Theater Detmold through the 2018\/19 season, she sang roles such as Dorabella in Cosi fan tutte, Nancy in Flotow&#8217;s Martha, H\u00e4nsel in H\u00e4nsel und Gretel and Siebel in Gounod&#8217;s Faust.<\/p>\t\t\t\t\t<\/div>\n\t\t\t\t\t\t<\/div>\n\t\t\t\t<\/div>\n\t\t\t\t<div class=\"elementor-element elementor-element-1576c5f elementor-widget elementor-widget-text-editor\" data-id=\"1576c5f\" data-element_type=\"widget\" data-widget_type=\"text-editor.default\">\n\t\t\t\t<div class=\"elementor-widget-container\">\n\t\t\t\t\t\t\t\t<div class=\"elementor-text-editor elementor-clearfix\">\n\t\t\t\t\t<p>Dara Savinova is a graduate of the Salzburg Mozarteum and speaks <i>Estonian, Russian, English, German, Italian, French<\/i> and <i>Swedish<\/i>. She is based in Tallinn and in Stockholm.<\/p>\t\t\t\t\t<\/div>\n\t\t\t\t\t\t<\/div>\n\t\t\t\t<\/div>\n\t\t\t\t\t\t<\/div>\n\t\t\t\t\t<\/div>\n\t\t<\/div>\n\t\t\t\t\t\t\t\t<\/div>\n\t\t\t\t\t<\/div>\n\t\t<\/section>\n\t\t\t\t\t\t<\/div>\n\t\t\t\t\t\t<\/div>\n\t\t\t\t\t<\/div>\n\t\t","protected":false},"excerpt":{"rendered":"<p>About Mezzo-soprano Dara Savinova was born in Estonia, Tallinn.&nbsp;She completed her bachelor\u2019s degree in singing and a master&#8217;s degree in music theatre at Salzburg&#8217;s Mozarteum University.&nbsp;A former member of the International Opera Studio at Opernhaus Z\u00fcrich and of the Salzburger Festspiele&#8217;s Young Artist Project, Estonian mezzo-soprano Dara Savinova has rapidly raised her international profile in &hellip;<\/p>\n<p class=\"read-more\"> <a class=\"\" href=\"https:\/\/darasavinova.eu\/index.php\/about\/\"> <span class=\"screen-reader-text\">About<\/span> Read More &raquo;<\/a><\/p>\n","protected":false},"author":1,"featured_media":0,"parent":0,"menu_order":0,"comment_status":"closed","ping_status":"closed","template":"","meta":{"footnotes":""},"class_list":["post-70","page","type-page","status-publish","hentry"],"_links":{"self":[{"href":"https:\/\/darasavinova.eu\/index.php\/wp-json\/wp\/v2\/pages\/70","targetHints":{"allow":["GET"]}}],"collection":[{"href":"https:\/\/darasavinova.eu\/index.php\/wp-json\/wp\/v2\/pages"}],"about":[{"href":"https:\/\/darasavinova.eu\/index.php\/wp-json\/wp\/v2\/types\/page"}],"author":[{"embeddable":true,"href":"https:\/\/darasavinova.eu\/index.php\/wp-json\/wp\/v2\/users\/1"}],"replies":[{"embeddable":true,"href":"https:\/\/darasavinova.eu\/index.php\/wp-json\/wp\/v2\/comments?post=70"}],"version-history":[{"count":0,"href":"https:\/\/darasavinova.eu\/index.php\/wp-json\/wp\/v2\/pages\/70\/revisions"}],"wp:attachment":[{"href":"https:\/\/darasavinova.eu\/index.php\/wp-json\/wp\/v2\/media?parent=70"}],"curies":[{"name":"wp","href":"https:\/\/api.w.org\/{rel}","templated":true}]}}